{"id":105,"date":"2020-06-29T12:41:46","date_gmt":"2020-06-29T12:41:46","guid":{"rendered":"https:\/\/bridge377.qodeinteractive.com\/?page_id=105"},"modified":"2026-05-08T10:21:40","modified_gmt":"2026-05-08T10:21:40","slug":"about-me","status":"publish","type":"page","link":"https:\/\/bigfish.si\/?page_id=105","title":{"rendered":"O meni"},"content":{"rendered":"\t\t<div data-elementor-type=\"wp-page\" data-elementor-id=\"105\" class=\"elementor elementor-105\">\n\t\t\t\t<div class=\"elementor-element elementor-element-a6470e4 e-flex e-con-boxed parallax_section_no qode_elementor_container_no e-con e-parent\" data-id=\"a6470e4\" data-element_type=\"container\">\n\t\t\t\t\t<div class=\"e-con-inner\">\n\t\t\t\t<div class=\"elementor-element elementor-element-ac38b36 elementor-widget elementor-widget-heading\" data-id=\"ac38b36\" data-element_type=\"widget\" data-widget_type=\"heading.default\">\n\t\t\t\t<div class=\"elementor-widget-container\">\n\t\t\t\t\t<h2 class=\"elementor-heading-title elementor-size-default\">razlika je v izku\u0161njah<\/h2>\t\t\t\t<\/div>\n\t\t\t\t<\/div>\n\t\t\t\t<div class=\"elementor-element elementor-element-25e7919 elementor-widget elementor-widget-heading\" data-id=\"25e7919\" data-element_type=\"widget\" data-widget_type=\"heading.default\">\n\t\t\t\t<div class=\"elementor-widget-container\">\n\t\t\t\t\t<h5 class=\"elementor-heading-title elementor-size-default\">Sem prodajno-marketin\u0161ka specialistka z ve\u010d kot 20-letnimi izku\u0161njami v mednorodnem korporativnem okolju. <\/h5>\t\t\t\t<\/div>\n\t\t\t\t<\/div>\n\t\t\t\t\t<\/div>\n\t\t\t\t<\/div>\n\t\t<div class=\"elementor-element elementor-element-c18b359 e-flex e-con-boxed parallax_section_no qode_elementor_container_no e-con e-parent\" data-id=\"c18b359\" data-element_type=\"container\">\n\t\t\t\t\t<div class=\"e-con-inner\">\n\t\t<div class=\"elementor-element elementor-element-21a3366 e-con-full e-flex parallax_section_no qode_elementor_container_no e-con e-child\" data-id=\"21a3366\" data-element_type=\"container\">\n\t\t\t\t<div class=\"elementor-element elementor-element-c8c4e70 elementor-widget elementor-widget-image\" data-id=\"c8c4e70\" data-element_type=\"widget\" data-widget_type=\"image.default\">\n\t\t\t\t<div class=\"elementor-widget-container\">\n\t\t\t\t\t\t\t\t\t\t\t\t\t\t\t<img fetchpriority=\"high\" decoding=\"async\" width=\"1024\" height=\"893\" src=\"https:\/\/bigfish.si\/wp-content\/uploads\/2026\/05\/ChatGPT-Image-8.-maj-2026-12_11_16-1024x893.png\" class=\"attachment-large size-large wp-image-11562\" alt=\"\" srcset=\"https:\/\/bigfish.si\/wp-content\/uploads\/2026\/05\/ChatGPT-Image-8.-maj-2026-12_11_16-1024x893.png 1024w, https:\/\/bigfish.si\/wp-content\/uploads\/2026\/05\/ChatGPT-Image-8.-maj-2026-12_11_16-300x262.png 300w, https:\/\/bigfish.si\/wp-content\/uploads\/2026\/05\/ChatGPT-Image-8.-maj-2026-12_11_16-768x670.png 768w, https:\/\/bigfish.si\/wp-content\/uploads\/2026\/05\/ChatGPT-Image-8.-maj-2026-12_11_16-700x610.png 700w, https:\/\/bigfish.si\/wp-content\/uploads\/2026\/05\/ChatGPT-Image-8.-maj-2026-12_11_16-600x523.png 600w, https:\/\/bigfish.si\/wp-content\/uploads\/2026\/05\/ChatGPT-Image-8.-maj-2026-12_11_16.png 1343w\" sizes=\"(max-width: 1024px) 100vw, 1024px\" \/>\t\t\t\t\t\t\t\t\t\t\t\t\t\t\t<\/div>\n\t\t\t\t<\/div>\n\t\t\t\t<\/div>\n\t\t<div class=\"elementor-element elementor-element-f68ca22 e-con-full e-flex parallax_section_no qode_elementor_container_no e-con e-child\" data-id=\"f68ca22\" data-element_type=\"container\">\n\t\t\t\t<div class=\"elementor-element elementor-element-8540479 elementor-widget__width-initial elementor-widget elementor-widget-text-editor\" data-id=\"8540479\" data-element_type=\"widget\" data-widget_type=\"text-editor.default\">\n\t\t\t\t<div class=\"elementor-widget-container\">\n\t\t\t\t\t\t\t\t\t<p>Prodajna in marketin\u0161ka specialistka z ve\u010d kot 20 letnimi izku\u0161njami. Tudi terapevtka za podjetja, ko jim marketing in posledi\u010dno prodaja ne gre. Svojo kariero sem ve\u010dinoma gradila v mednarodnem korporativnem okolju, kjer sem upravljala vi\u0161jecenovne blagovne znamke ter kot regijska prodajno marketin\u0161ka vodja skrbela za do 12 dr\u017eav osrednje in jugovzhodne Evrope.<\/p><p>Ko sem po dolgih letih dela v svoji \u201cribji posodi\u201d za\u010dela plavati v krog, sem se odlo\u010dila za nov skok\u2013 v maloprodajo. Tam sem kot regijski vodja prvi\u010d uzrla svet z druge strani izlo\u017ebe \u2013 skozi o\u010di potro\u0161nika. Naslednji ve\u010dji skok je bil v turisti\u010dne vode. Kot vodja novo ustanovljenega oddelka za destinacijski management sem \u0161tiri leta sodelovala predvsem z ameri\u0161kim trgom in se nau\u010dila, da so dobre zgodbe tiste, ki potnike spremenijo v ambasadorje destinacij.<\/p>\t\t\t\t\t\t\t\t<\/div>\n\t\t\t\t<\/div>\n\t\t\t\t<\/div>\n\t\t\t\t\t<\/div>\n\t\t\t\t<\/div>\n\t\t<div class=\"elementor-element elementor-element-04a2e43 e-flex e-con-boxed parallax_section_no qode_elementor_container_no e-con e-parent\" data-id=\"04a2e43\" data-element_type=\"container\">\n\t\t\t\t\t<div class=\"e-con-inner\">\n\t\t\t\t<div class=\"elementor-element elementor-element-43f0d72 elementor-widget__width-initial elementor-widget elementor-widget-text-editor\" data-id=\"43f0d72\" data-element_type=\"widget\" data-widget_type=\"text-editor.default\">\n\t\t\t\t<div class=\"elementor-widget-container\">\n\t\t\t\t\t\t\t\t\t<p>Potem pa je pri\u0161el \u010das zame \u2013 in za mojo strast.<br \/>Ugotovila sem, da\u00a0manj\u0161i ali srednji podjetniki\u00a0pogosto nimamo dovolj sredstev za interne marketing ekipe, zato improviziramo, eksperimentiramo ali pa potrebujemo le \u2013 pravi kompas.\u00a0In tu sem za\u010dutila prilo\u017enost: povezati\u00a0prodajo in marketing\u00a0v\u00a0eno zgodbo, ki ima glavo, rep in jasen cilj.\u00a0<\/p><p>Ker v resnici marketing brez prodaje ne diha, prodaja brez strategije pa te\u010de v krog.<br \/>V\u010dasih je treba\u00a0narediti korak nazaj, popraviti osnove \u2013 in potem\u00a0sko\u010diti dva naprej.<br \/>To je moj na\u010din dela: strate\u0161ko, celostno in z iskrenim navdu\u0161enjem nad rastjo, ki je resni\u010dna, ne samo v prezentaciji.<\/p><p><strong>BIG FISH<\/strong>\u00a0je moj svetovalni projekt.<br \/>Z vami delim znanje, izku\u0161nje in zdravo mero realnosti.<br \/>Govorim jezik, ki ga razumete:\u00a0<strong>jezik rezultatov<\/strong>.<br \/>Ker marketing ni stro\u0161ek \u2013 \u010de deluje, je\u00a0<strong>najbolj\u0161a nalo\u017eba v prodajo<\/strong>.\u00a0\u00a0<\/p><p>\u00a0In ko po kon\u010danem sodelovanju vidimo napredek si re\u010demo: spla\u010da se\u00a0 iz plitvine zaplavati malo dlje. Tam je veliko bolj zabavno.\u00a0\u00a0<\/p>\t\t\t\t\t\t\t\t<\/div>\n\t\t\t\t<\/div>\n\t\t\t\t\t<\/div>\n\t\t\t\t<\/div>\n\t\t\t\t<section class=\"elementor-section elementor-top-section elementor-element elementor-element-50b3a37 elementor-section-full_width qode_elementor_container_inner elementor-section-height-default elementor-section-height-default parallax_section_no\" data-id=\"50b3a37\" data-element_type=\"section\">\n\t\t\t\t\t\t<div class=\"elementor-container elementor-column-gap-default\">\n\t\t\t\t\t<div class=\"elementor-column elementor-col-50 elementor-top-column elementor-element elementor-element-2bdce5a\" data-id=\"2bdce5a\" data-element_type=\"column\">\n\t\t\t<div class=\"elementor-widget-wrap elementor-element-populated\">\n\t\t\t\t\t\t<div class=\"elementor-element elementor-element-7abc70e elementor-widget__width-initial elementor-widget elementor-widget-heading\" data-id=\"7abc70e\" data-element_type=\"widget\" data-widget_type=\"heading.default\">\n\t\t\t\t<div class=\"elementor-widget-container\">\n\t\t\t\t\t<h2 class=\"elementor-heading-title elementor-size-default\">zakaj ne sko\u010dite?<\/h2>\t\t\t\t<\/div>\n\t\t\t\t<\/div>\n\t\t\t\t<div class=\"elementor-element elementor-element-760aa994 elementor-widget elementor-widget-spacer\" data-id=\"760aa994\" data-element_type=\"widget\" data-widget_type=\"spacer.default\">\n\t\t\t\t<div class=\"elementor-widget-container\">\n\t\t\t\t\t\t\t<div class=\"elementor-spacer\">\n\t\t\t<div class=\"elementor-spacer-inner\"><\/div>\n\t\t<\/div>\n\t\t\t\t\t\t<\/div>\n\t\t\t\t<\/div>\n\t\t\t\t<div class=\"elementor-element elementor-element-3a36af95 elementor-widget elementor-widget-bridge_progress_bar\" data-id=\"3a36af95\" data-element_type=\"widget\" data-widget_type=\"bridge_progress_bar.default\">\n\t\t\t\t<div class=\"elementor-widget-container\">\n\t\t\t\t\t<div class='q_progress_bar'><h6 class='progress_title_holder clearfix' style='color: #1E1E1E;'><span class='progress_title'><span>nimam strukture in jasnosti<\/span><\/span><span class='progress_number' style='color: #1E1E1E;font-size: 15px;font-weight: 400;'><span>0<\/span>%<\/span><\/h6><div class='progress_content_outer' style='height: 5px;border-radius: 0px;-moz-border-radius: 0px;-webkit-border-radius: 0px;background-color: rgba(246, 246, 246, 1);'><div data-percentage='35' class='progress_content' style='height: 5px;background-color: #000000;border: 1px solid #000000;'><\/div><\/div><\/div>\t\t\t\t<\/div>\n\t\t\t\t<\/div>\n\t\t\t\t<div class=\"elementor-element elementor-element-dae1619 elementor-widget elementor-widget-bridge_progress_bar\" data-id=\"dae1619\" data-element_type=\"widget\" data-widget_type=\"bridge_progress_bar.default\">\n\t\t\t\t<div class=\"elementor-widget-container\">\n\t\t\t\t\t<div class='q_progress_bar'><h6 class='progress_title_holder clearfix' style='color: #1E1E1E;'><span class='progress_title'><span>imam premalo znanja  in izku\u0161enj<\/span><\/span><span class='progress_number' style='color: #1E1E1E;font-size: 15px;font-weight: 400;'><span>0<\/span>%<\/span><\/h6><div class='progress_content_outer' style='height: 5px;border-radius: 0px;-moz-border-radius: 0px;-webkit-border-radius: 0px;background-color: rgba(246, 246, 246, 1);'><div data-percentage='15' class='progress_content' style='height: 5px;background-color: #000000;border: 1px solid #000000;'><\/div><\/div><\/div>\t\t\t\t<\/div>\n\t\t\t\t<\/div>\n\t\t\t\t<div class=\"elementor-element elementor-element-24e011d4 elementor-widget elementor-widget-bridge_progress_bar\" data-id=\"24e011d4\" data-element_type=\"widget\" data-widget_type=\"bridge_progress_bar.default\">\n\t\t\t\t<div class=\"elementor-widget-container\">\n\t\t\t\t\t<div class='q_progress_bar'><h6 class='progress_title_holder clearfix' style='color: #1E1E1E;'><span class='progress_title'><span>ostale omejitve<\/span><\/span><span class='progress_number' style='color: #1E1E1E;font-size: 15px;font-weight: 400;'><span>0<\/span>%<\/span><\/h6><div class='progress_content_outer' style='height: 5px;border-radius: 0px;-moz-border-radius: 0px;-webkit-border-radius: 0px;background-color: rgba(246, 246, 246, 1);'><div data-percentage='5' class='progress_content' style='height: 5px;background-color: #000000;border: 1px solid #000000;'><\/div><\/div><\/div>\t\t\t\t<\/div>\n\t\t\t\t<\/div>\n\t\t\t\t<div class=\"elementor-element elementor-element-7a51431c elementor-widget elementor-widget-bridge_progress_bar\" data-id=\"7a51431c\" data-element_type=\"widget\" data-widget_type=\"bridge_progress_bar.default\">\n\t\t\t\t<div class=\"elementor-widget-container\">\n\t\t\t\t\t<div class='q_progress_bar'><h6 class='progress_title_holder clearfix' style='color: #1E1E1E;'><span class='progress_title'><span>strah me je<\/span><\/span><span class='progress_number' style='color: #1E1E1E;font-size: 15px;font-weight: 400;'><span>0<\/span>%<\/span><\/h6><div class='progress_content_outer' style='height: 5px;border-radius: 0px;-moz-border-radius: 0px;-webkit-border-radius: 0px;background-color: rgba(246, 246, 246, 1);'><div data-percentage='45' class='progress_content' style='height: 5px;background-color: #000000;border: 1px solid #000000;'><\/div><\/div><\/div>\t\t\t\t<\/div>\n\t\t\t\t<\/div>\n\t\t\t\t\t<\/div>\n\t\t<\/div>\n\t\t\t\t<div class=\"elementor-column elementor-col-50 elementor-top-column elementor-element elementor-element-3f97788\" data-id=\"3f97788\" data-element_type=\"column\">\n\t\t\t<div class=\"elementor-widget-wrap elementor-element-populated\">\n\t\t\t\t\t\t<div class=\"elementor-element elementor-element-0076102 elementor-widget elementor-widget-image\" data-id=\"0076102\" data-element_type=\"widget\" data-widget_type=\"image.default\">\n\t\t\t\t<div class=\"elementor-widget-container\">\n\t\t\t\t\t\t\t\t\t\t\t\t\t\t\t<img decoding=\"async\" width=\"950\" height=\"831\" src=\"https:\/\/bigfish.si\/wp-content\/uploads\/2020\/06\/about-image-2-2.jpg\" class=\"attachment-large size-large wp-image-128\" alt=\"g\" srcset=\"https:\/\/bigfish.si\/wp-content\/uploads\/2020\/06\/about-image-2-2.jpg 950w, https:\/\/bigfish.si\/wp-content\/uploads\/2020\/06\/about-image-2-2-600x525.jpg 600w, https:\/\/bigfish.si\/wp-content\/uploads\/2020\/06\/about-image-2-2-300x262.jpg 300w, https:\/\/bigfish.si\/wp-content\/uploads\/2020\/06\/about-image-2-2-768x672.jpg 768w, https:\/\/bigfish.si\/wp-content\/uploads\/2020\/06\/about-image-2-2-700x612.jpg 700w\" sizes=\"(max-width: 950px) 100vw, 950px\" \/>\t\t\t\t\t\t\t\t\t\t\t\t\t\t\t<\/div>\n\t\t\t\t<\/div>\n\t\t\t\t\t<\/div>\n\t\t<\/div>\n\t\t\t\t\t<\/div>\n\t\t<\/section>\n\t\t<div class=\"elementor-element elementor-element-d8f6a07 e-flex e-con-boxed parallax_section_no qode_elementor_container_no e-con e-parent\" data-id=\"d8f6a07\" data-element_type=\"container\">\n\t\t\t\t\t<div class=\"e-con-inner\">\n\t\t\t\t<div class=\"elementor-element elementor-element-15a8be1 elementor-widget elementor-widget-qi_addons_for_elementor_button\" data-id=\"15a8be1\" data-element_type=\"widget\" data-widget_type=\"qi_addons_for_elementor_button.default\">\n\t\t\t\t<div class=\"elementor-widget-container\">\n\t\t\t\t\t<a class=\"qodef-shortcode qodef-m  qodef-qi-button qodef-html--link qodef-layout--filled qodef-type--standard   qodef-icon--right qodef-hover--icon-move-horizontal-short     \" href=\"https:\/\/bigfish.si\/?page_id=142\" target=\"_self\">\n\t<span class=\"qodef-m-text\">Kontaktiraj me<\/span>\n\t<\/a>\n\t\t\t\t<\/div>\n\t\t\t\t<\/div>\n\t\t\t\t\t<\/div>\n\t\t\t\t<\/div>\n\t\t\t\t<\/div>\n\t\t","protected":false},"excerpt":{"rendered":"<p>razlika je v izku\u0161njah Sem prodajno-marketin\u0161ka specialistka z ve\u010d kot 20-letnimi izku\u0161njami v mednorodnem korporativnem okolju. Prodajna in marketin\u0161ka specialistka z ve\u010d kot 20 letnimi izku\u0161njami. Tudi terapevtka za podjetja, ko jim marketing in posledi\u010dno prodaja ne gre. Svojo kariero sem ve\u010dinoma gradila v mednarodnem&#8230;<\/p>\n","protected":false},"author":2,"featured_media":0,"parent":0,"menu_order":0,"comment_status":"closed","ping_status":"closed","template":"full_width.php","meta":{"content-type":"","footnotes":""},"class_list":["post-105","page","type-page","status-publish","hentry"],"_links":{"self":[{"href":"https:\/\/bigfish.si\/index.php?rest_route=\/wp\/v2\/pages\/105","targetHints":{"allow":["GET"]}}],"collection":[{"href":"https:\/\/bigfish.si\/index.php?rest_route=\/wp\/v2\/pages"}],"about":[{"href":"https:\/\/bigfish.si\/index.php?rest_route=\/wp\/v2\/types\/page"}],"author":[{"embeddable":true,"href":"https:\/\/bigfish.si\/index.php?rest_route=\/wp\/v2\/users\/2"}],"replies":[{"embeddable":true,"href":"https:\/\/bigfish.si\/index.php?rest_route=%2Fwp%2Fv2%2Fcomments&post=105"}],"version-history":[{"count":46,"href":"https:\/\/bigfish.si\/index.php?rest_route=\/wp\/v2\/pages\/105\/revisions"}],"predecessor-version":[{"id":11565,"href":"https:\/\/bigfish.si\/index.php?rest_route=\/wp\/v2\/pages\/105\/revisions\/11565"}],"wp:attachment":[{"href":"https:\/\/bigfish.si\/index.php?rest_route=%2Fwp%2Fv2%2Fmedia&parent=105"}],"curies":[{"name":"wp","href":"https:\/\/api.w.org\/{rel}","templated":true}]}}