{"id":215,"date":"2025-02-11T15:37:24","date_gmt":"2025-02-11T15:37:24","guid":{"rendered":"https:\/\/bigfish.si\/?page_id=215"},"modified":"2026-05-14T07:24:22","modified_gmt":"2026-05-14T07:24:22","slug":"svetovanje","status":"publish","type":"page","link":"https:\/\/bigfish.si\/?page_id=215","title":{"rendered":"Svetovanje"},"content":{"rendered":"\t\t<div data-elementor-type=\"wp-page\" data-elementor-id=\"215\" class=\"elementor elementor-215\">\n\t\t\t\t<div class=\"elementor-element elementor-element-7d1a64f3 e-flex e-con-boxed parallax_section_no qode_elementor_container_no e-con e-parent\" data-id=\"7d1a64f3\" data-element_type=\"container\">\n\t\t\t\t\t<div class=\"e-con-inner\">\n\t\t\t\t<div class=\"elementor-element elementor-element-6f12de2 elementor-widget elementor-widget-heading\" data-id=\"6f12de2\" data-element_type=\"widget\" data-widget_type=\"heading.default\">\n\t\t\t\t<div class=\"elementor-widget-container\">\n\t\t\t\t\t<h3 class=\"elementor-heading-title elementor-size-default\">Zakaj ravno Big fish? <\/h3>\t\t\t\t<\/div>\n\t\t\t\t<\/div>\n\t\t\t\t<div class=\"elementor-element elementor-element-58ecbf67 elementor-widget__width-initial elementor-widget elementor-widget-text-editor\" data-id=\"58ecbf67\" data-element_type=\"widget\" data-widget_type=\"text-editor.default\">\n\t\t\t\t<div class=\"elementor-widget-container\">\n\t\t\t\t\t\t\t\t\t<p>Ker zdru\u017eujem prakti\u010dni prodajni pristop in marketin\u0161ko<br \/>ustvarjalnost. Ker imam na tem podro\u010dju ve\u010d kot 20-letne izku\u0161nje. Ker poskrbim za to,da va\u0161e podjetje ne privablja samo pozornost, temve\u010d tudi proda to, kar ponuja. Pri\u00a0Big fish dobite jasne korake za pove\u010danje prihodkov in marketin\u0161ke ideje, ki pritegnejo prave stranke. Brez nerazumljivih izrazov in \u010de se le da, z malo dozo humorja.<\/p>\t\t\t\t\t\t\t\t<\/div>\n\t\t\t\t<\/div>\n\t\t\t\t\t<\/div>\n\t\t\t\t<\/div>\n\t\t<div class=\"elementor-element elementor-element-73cd6ea e-flex e-con-boxed parallax_section_no qode_elementor_container_no e-con e-parent\" data-id=\"73cd6ea\" data-element_type=\"container\">\n\t\t\t\t\t<div class=\"e-con-inner\">\n\t\t\t\t<div class=\"elementor-element elementor-element-617a7ab elementor-widget elementor-widget-bridge_pricing_tables\" data-id=\"617a7ab\" data-element_type=\"widget\" data-widget_type=\"bridge_pricing_tables.default\">\n\t\t\t\t<div class=\"elementor-widget-container\">\n\t\t\t\t\t\n        <div class=\"qode_pricing_tables clearfix three_columns\">\n\n        <div class='q_price_table  qode_pricing_table_standard'><div class='price_table_inner'><ul><li class='cell table_title'><h4 class='qode_title_content_new'>Hitra intervencija za rast prodaje.<\/h4><li class='prices'><div class='price_in_table'><sup class='value'>Ribnik<\/sup><span class='price'>680\u20ac - 1.200\u20ac<\/span><span class='mark'><\/span><\/div><\/li><li class='pricing_table_content'><ul><li>1 sestanek v \u017eivo ali online<br \/>Pregled dosedanjih prodajno-marketin\u0161kih pristopov<br \/>Jasna slika, kje sistem ne deluje<br \/>Optimizacija ponudbe in prodajno-marketin\u0161kega sporo\u010dila<br \/>Konkretni hitri prodajno-marketin\u0161ki ukrepi za takoj\u0161en vpliv na prodajo<\/li><\/ul><\/li><li class='price_button'><a itemprop='url' class='qbutton white medium' href='' target='_self'>Kontaktiraj me<\/a><\/li><\/ul><\/div><\/div><div class='q_price_table  qode_pricing_table_standard'><div class='price_table_inner'><ul><li class='cell table_title'><h4 class='qode_title_content_new'>Ko \u017eeli\u0161 stabilen tok prodaje v naslednjih 3-4 mesecih.<\/h4><li class='prices'><div class='price_in_table'><sup class='value'>Morje <\/sup><span class='price'>1.450 \u20ac \u2013 2.000 \u20ac\/mesec<\/span><span class='mark'><\/span><\/div><\/li><li class='pricing_table_content'><ul><li>2x mese\u010dni sestanki (v \u017eivo ali online)<br \/>Pregled poslovanja<br \/>Pregled prodajnih procesov in marketin\u0161kih pristopov<br \/>Analiza in srednjero\u010den na\u010drt, kaj se mora spremeniti<br \/>Direktni prodajno-marketin\u0161ki ukrepi za sell out<br \/>Implementacija in follow up strate\u0161kih ukrepov (po dogovoru)<br \/>3-4 mese\u010dno partnerstvo<\/li><\/ul><\/li><li class='price_button'><a itemprop='url' class='qbutton white medium' href='' target='_self'>Kontaktiraj me<\/a><\/li><\/ul><\/div><\/div><div class='q_price_table  qode_pricing_table_standard'><div class='price_table_inner'><ul><li class='cell table_title'><h4 class='qode_title_content_new'>Ko \u017eeli\u0161 dolgoro\u010dno strate\u0161ko rast.<\/h4><li class='prices'><div class='price_in_table'><sup class='value'>Ocean<\/sup><span class='price'>2.500 \u20ac \u2013 5.000 \u20ac\/mesec<\/span><span class='mark'><\/span><\/div><\/li><li class='pricing_table_content'><ul><li>2-3 mese\u010dni sestanki (v \u017eivo ali online)<br \/>Raz\u0161irjen pregled poslovanja<br \/>Raz\u0161irjen pregled prodajnih procesov in marketin\u0161kih pristopov<br \/>Identifikacija poslovnih prilo\u017enosti na srednji in dolgi rok<br \/>Analiza in dolgoro\u010den na\u010drt potrebnih ukrepov<br \/>Dolgoro\u010dni prodajno-marketin\u0161ki akcijski plan s fokusom na stabilno rast<br \/>Implementacija in follow up (po dogovoru)<br \/>6-mese\u010dno strate\u0161ko partnerstvo<\/li><\/ul><\/li><li class='price_button'><a itemprop='url' class='qbutton white medium' href='' target='_self'>Kontaktiraj me<\/a><\/li><\/ul><\/div><\/div>\n        <\/div>\n\n        \t\t\t\t<\/div>\n\t\t\t\t<\/div>\n\t\t\t\t<div class=\"elementor-element elementor-element-8b0eb8f elementor-widget__width-initial elementor-widget elementor-widget-text-editor\" data-id=\"8b0eb8f\" data-element_type=\"widget\" data-widget_type=\"text-editor.default\">\n\t\t\t\t<div class=\"elementor-widget-container\">\n\t\t\t\t\t\t\t\t\t<p>Ve\u010dje ribe ne \u010dakajo na prilo\u017enosti \u2013 ustvarjajo jih. Big fish je tu, da sko\u010dimo skupaj.<\/p>\t\t\t\t\t\t\t\t<\/div>\n\t\t\t\t<\/div>\n\t\t\t\t\t<\/div>\n\t\t\t\t<\/div>\n\t\t\t\t<\/div>\n\t\t","protected":false},"excerpt":{"rendered":"<p>Zakaj ravno Big fish? Ker zdru\u017eujem prakti\u010dni prodajni pristop in marketin\u0161koustvarjalnost. Ker imam na tem podro\u010dju ve\u010d kot 20-letne izku\u0161nje. Ker poskrbim za to,da va\u0161e podjetje ne privablja samo pozornost, temve\u010d tudi proda to, kar ponuja. Pri\u00a0Big fish dobite jasne korake za pove\u010danje prihodkov in&#8230;<\/p>\n","protected":false},"author":1,"featured_media":0,"parent":0,"menu_order":0,"comment_status":"closed","ping_status":"closed","template":"","meta":{"content-type":"","footnotes":""},"class_list":["post-215","page","type-page","status-publish","hentry"],"_links":{"self":[{"href":"https:\/\/bigfish.si\/index.php?rest_route=\/wp\/v2\/pages\/215","targetHints":{"allow":["GET"]}}],"collection":[{"href":"https:\/\/bigfish.si\/index.php?rest_route=\/wp\/v2\/pages"}],"about":[{"href":"https:\/\/bigfish.si\/index.php?rest_route=\/wp\/v2\/types\/page"}],"author":[{"embeddable":true,"href":"https:\/\/bigfish.si\/index.php?rest_route=\/wp\/v2\/users\/1"}],"replies":[{"embeddable":true,"href":"https:\/\/bigfish.si\/index.php?rest_route=%2Fwp%2Fv2%2Fcomments&post=215"}],"version-history":[{"count":31,"href":"https:\/\/bigfish.si\/index.php?rest_route=\/wp\/v2\/pages\/215\/revisions"}],"predecessor-version":[{"id":11596,"href":"https:\/\/bigfish.si\/index.php?rest_route=\/wp\/v2\/pages\/215\/revisions\/11596"}],"wp:attachment":[{"href":"https:\/\/bigfish.si\/index.php?rest_route=%2Fwp%2Fv2%2Fmedia&parent=215"}],"curies":[{"name":"wp","href":"https:\/\/api.w.org\/{rel}","templated":true}]}}